{"id":11,"date":"2018-08-03T15:17:09","date_gmt":"2018-08-03T18:17:09","guid":{"rendered":"http:\/\/www.clinicapereira.com\/?page_id=11"},"modified":"2018-08-22T11:37:55","modified_gmt":"2018-08-22T14:37:55","slug":"convenios","status":"publish","type":"page","link":"https:\/\/www.clinicapereira.com\/index.php\/convenios\/","title":{"rendered":"Conv\u00eanios"},"content":{"rendered":"<p>[vc_row bg_color=&#8221;#f9f9f9&#8243; top_padding=&#8221;20&#8243; bottom_padding=&#8221;20&#8243;][vc_column width=&#8221;1\/1&#8243;]<div class=\"iconbox  wpb_content_element iconbox-style-1 icon-color-accent color-dark animation-none\"><h3><i class=\"fa fa-th-list boxicon\" style=\"\"><\/i><span>CONTATO<\/span><\/h3><p><\/p><\/div>[vc_row_inner][vc_column_inner width=&#8221;1\/2&#8243;]<div class=\"iconbox  wpb_content_element iconbox-style-2 icon-color-custom color-dark clearfix\"><div class=\"iconbox-icon\"><i class=\"fa fa-phone boxicon\" style=\"color: #777777;\"><\/i><\/div><div class=\"iconbox-content\"><h3><\/h3><p>(11) 4526-7366 \/ (11) 9 7222-0854<\/p><\/div><\/div>[\/vc_column_inner][vc_column_inner width=&#8221;1\/2&#8243;]<div class=\"iconbox  wpb_content_element iconbox-style-2 icon-color-custom color-dark clearfix\"><div class=\"iconbox-icon\"><i class=\"fa fa-map-marker boxicon\" style=\"color: #777777;\"><\/i><\/div><div class=\"iconbox-content\"><h3><\/h3><p>Av. Nove de Julho, 3575, Anhangaba\u00fa, Jundia\u00ed, S\u00e3o Paulo, Sala 1901 \/\u00a0CEP: 13208-056<\/p><\/div><\/div>[\/vc_column_inner][\/vc_row_inner][\/vc_column][\/vc_row]<\/p>\n","protected":false},"excerpt":{"rendered":"<p>[vc_row bg_color=&#8221;#f9f9f9&#8243; top_padding=&#8221;20&#8243; bottom_padding=&#8221;20&#8243;][vc_column width=&#8221;1\/1&#8243;][vc_row_inner][vc_column_inner width=&#8221;1\/2&#8243;][\/vc_column_inner][vc_column_inner width=&#8221;1\/2&#8243;][\/vc_column_inner][\/vc_row_inner][\/vc_column][\/vc_row]<\/p>\n","protected":false},"author":1,"featured_media":0,"parent":0,"menu_order":0,"comment_status":"closed","ping_status":"closed","template":"","meta":{"_joinchat":[],"footnotes":""},"_links":{"self":[{"href":"https:\/\/www.clinicapereira.com\/index.php\/wp-json\/wp\/v2\/pages\/11"}],"collection":[{"href":"https:\/\/www.clinicapereira.com\/index.php\/wp-json\/wp\/v2\/pages"}],"about":[{"href":"https:\/\/www.clinicapereira.com\/index.php\/wp-json\/wp\/v2\/types\/page"}],"author":[{"embeddable":true,"href":"https:\/\/www.clinicapereira.com\/index.php\/wp-json\/wp\/v2\/users\/1"}],"replies":[{"embeddable":true,"href":"https:\/\/www.clinicapereira.com\/index.php\/wp-json\/wp\/v2\/comments?post=11"}],"version-history":[{"count":2,"href":"https:\/\/www.clinicapereira.com\/index.php\/wp-json\/wp\/v2\/pages\/11\/revisions"}],"predecessor-version":[{"id":15575,"href":"https:\/\/www.clinicapereira.com\/index.php\/wp-json\/wp\/v2\/pages\/11\/revisions\/15575"}],"wp:attachment":[{"href":"https:\/\/www.clinicapereira.com\/index.php\/wp-json\/wp\/v2\/media?parent=11"}],"curies":[{"name":"wp","href":"https:\/\/api.w.org\/{rel}","templated":true}]}}