{"id":15517,"date":"2018-08-21T21:57:44","date_gmt":"2018-08-22T00:57:44","guid":{"rendered":"http:\/\/www.clinicapereira.com\/?page_id=15517"},"modified":"2018-08-21T21:58:06","modified_gmt":"2018-08-22T00:58:06","slug":"ecocardiografia","status":"publish","type":"page","link":"https:\/\/www.clinicapereira.com\/index.php\/ecocardiografia\/","title":{"rendered":"Ecocardiografia"},"content":{"rendered":"<p>[vc_row][vc_column width=&#8221;1\/1&#8243;]<div class=\"iconbox  wpb_content_element iconbox-style-1 icon-color-accent color-dark animation-none\"><h3><i class=\"fa fa-plus-square boxicon\" style=\"\"><\/i><span>Ecocardiografia<\/span><\/h3><p>\n<p style=\"text-align: justify;\">A\u00a0ecocardiografia\u00a0ou\u00a0ecocardiograma\u00a0com\u00a0Doppler\u00a0abrange os m\u00e9todos de diagn\u00f3stico da estrutura e do funcionamento do cora\u00e7\u00e3o\u00a0baseados no uso de ultrasson. Este exame \u00e9 frequentemente empregado na avalia\u00e7\u00e3o dos pacientes com sopro card\u00edaco, sintomas de palpita\u00e7\u00e3o, s\u00edncope, falta de ar, dor tor\u00e1cica ou portadores de diversas doen\u00e7as card\u00edacas como doen\u00e7as do m\u00fasculo card\u00edaco (infarto do mioc\u00e1rdio, miocardiopatias), insufici\u00eancia card\u00edaca, doen\u00e7as das valvas, anomalias cong\u00eanitas, entre outras. A ecocardiografia apresenta imagens est\u00e1ticas e em movimento do m\u00fasculo e das valvas card\u00edacas,\u00a0al\u00e9m disso, atrav\u00e9s do mapeamento de fluxos em cores pela t\u00e9cnica Doppler, podemos identificar a dire\u00e7\u00e3o e velocidade do fluxo sangu\u00edneo no interior das cavidades card\u00edacas.<\/p>\n<\/p><\/div>[\/vc_column][\/vc_row]<\/p>\n","protected":false},"excerpt":{"rendered":"<p>[vc_row][vc_column width=&#8221;1\/1&#8243;][\/vc_column][\/vc_row]<\/p>\n","protected":false},"author":1,"featured_media":0,"parent":0,"menu_order":0,"comment_status":"closed","ping_status":"closed","template":"","meta":{"_joinchat":[],"footnotes":""},"_links":{"self":[{"href":"https:\/\/www.clinicapereira.com\/index.php\/wp-json\/wp\/v2\/pages\/15517"}],"collection":[{"href":"https:\/\/www.clinicapereira.com\/index.php\/wp-json\/wp\/v2\/pages"}],"about":[{"href":"https:\/\/www.clinicapereira.com\/index.php\/wp-json\/wp\/v2\/types\/page"}],"author":[{"embeddable":true,"href":"https:\/\/www.clinicapereira.com\/index.php\/wp-json\/wp\/v2\/users\/1"}],"replies":[{"embeddable":true,"href":"https:\/\/www.clinicapereira.com\/index.php\/wp-json\/wp\/v2\/comments?post=15517"}],"version-history":[{"count":1,"href":"https:\/\/www.clinicapereira.com\/index.php\/wp-json\/wp\/v2\/pages\/15517\/revisions"}],"predecessor-version":[{"id":15518,"href":"https:\/\/www.clinicapereira.com\/index.php\/wp-json\/wp\/v2\/pages\/15517\/revisions\/15518"}],"wp:attachment":[{"href":"https:\/\/www.clinicapereira.com\/index.php\/wp-json\/wp\/v2\/media?parent=15517"}],"curies":[{"name":"wp","href":"https:\/\/api.w.org\/{rel}","templated":true}]}}