{"id":5752,"date":"2014-03-24T11:24:28","date_gmt":"2014-03-24T11:24:28","guid":{"rendered":"http:\/\/localhost:8888\/themes\/ventory\/?page_id=5752"},"modified":"2018-08-22T11:36:13","modified_gmt":"2018-08-22T14:36:13","slug":"sobre","status":"publish","type":"page","link":"https:\/\/www.clinicapereira.com\/index.php\/sobre\/","title":{"rendered":"Sobre"},"content":{"rendered":"<p>[vc_row bg_color=&#8221;#f9f9f9&#8243; top_padding=&#8221;30&#8243; bottom_padding=&#8221;80&#8243;][vc_column width=&#8221;1\/1&#8243;]<h1 class=\"headline font-inherit fontsize-xxxl fontweight-300 lh-13 align-left transform-inherit \" style=\"margin: 0 0 40px 0; color: #3d7996;\">Somos uma cl\u00ednica formada por m\u00e9dicos experientes nas mais diversas especialidades.<\/h1><div class=\"headline font-inherit fontsize-m fontweight-400 lh-inherit align-left transform-inherit \" style=\"margin: 0;\">Fornecemos um atendimento completo e especializado, abordando o paciente como um todo, possibilitando um diagn\u00f3stico abrangente e preciso, visando o bem estar e a sa\u00fade.<\/p>\n<p>Contamos com dois consult\u00f3rios e uma sala de procedimentos bem equipados para melhor atendimento. <\/div>[\/vc_column][\/vc_row][vc_row top_padding=&#8221;100&#8243; bottom_padding=&#8221;80&#8243; bg_position=&#8221;left top&#8221;][vc_column width=&#8221;1\/1&#8243;]<h2 class=\"headline font-special fontsize-xl fontweight-700 lh-inherit align-center transform-uppercase \" style=\"margin: 0 0 40px 0;\">Nossas especialidades<\/h2><div class=\"headline font-inherit fontsize-m fontweight-400 lh-inherit align-left transform-inherit \" style=\"margin: 0 0 20px 0;\">Tratamos as mais diversas patologias, com especialistas altamente capacitados, proporcionando\u00a0 o melhor tratamento ao paciente.<\/div>[vc_row_inner][vc_column_inner width=&#8221;1\/3&#8243;]<div class=\"iconbox  wpb_content_element iconbox-style-1 icon-color-accent color-dark animation-none\"><h3><i class=\"fa fa-plus-square boxicon\" style=\"\"><\/i><span>Ortopedia e Traumatologia<\/span><\/h3><p>\n<p style=\"text-align: justify;\">Especialidade m\u00e9dica que se dedica ao estudo e tratamento do sistema locomotor e da coluna vertebral (ossos, articula\u00e7\u00f5es, ligamentos, tend\u00f5es e m\u00fasculos).<\/p>\n<\/p><\/div>[\/vc_column_inner][vc_column_inner width=&#8221;1\/3&#8243;]<div class=\"iconbox  wpb_content_element iconbox-style-1 icon-color-accent color-dark animation-none\"><h3><i class=\"fa fa-plus-square boxicon\" style=\"\"><\/i><span>Cirurgia Vascular<\/span><\/h3><p>\n<p style=\"text-align: justify;\">Especialidade m\u00e9dica que se ocupa do tratamento cir\u00fargico de doen\u00e7as das art\u00e9rias, veias e vasos linf\u00e1ticos. Atua junto \u00e0 Angiologia, especialidade respons\u00e1vel pelo estudo cl\u00ednico dessas doen\u00e7as. A angiologia encarrega-se do estudo, diagn\u00f3stico e tratamento cl\u00ednico das doen\u00e7as\u00a0vasculares.<\/p>\n<\/p><\/div>[\/vc_column_inner][vc_column_inner width=&#8221;1\/3&#8243;]<div class=\"iconbox  wpb_content_element iconbox-style-1 icon-color-accent color-dark animation-none\"><h3><i class=\"fa fa-plus-square boxicon\" style=\"\"><\/i><span>Cardiologia<\/span><\/h3><p>\n<p style=\"text-align: justify;\">Especialidade m\u00e9dica que promove a sa\u00fade por meio da preven\u00e7\u00e3o de incapacidade f\u00edsica, da avalia\u00e7\u00e3o e reabilita\u00e7\u00e3o de indiv\u00edduos incapacitados por dor, doen\u00e7a ou les\u00e3o e do tratamento por medidas fisioter\u00e1picas, em lugar de cl\u00ednicas cir\u00fargicas ou radiol\u00f3gicas.<\/p>\n<\/p><\/div>[\/vc_column_inner][\/vc_row_inner][vc_row_inner][vc_column_inner width=&#8221;1\/3&#8243;]<div class=\"iconbox  wpb_content_element iconbox-style-1 icon-color-accent color-dark animation-none\"><h3><i class=\"fa fa-plus-square boxicon\" style=\"\"><\/i><span>Fisiatria e Eletrofisiologia<\/span><\/h3><p>\n<p style=\"text-align: justify;\">Especialidade m\u00e9dica que promove a sa\u00fade por meio da preven\u00e7\u00e3o de incapacidade f\u00edsica, da avalia\u00e7\u00e3o e reabilita\u00e7\u00e3o de indiv\u00edduos incapacitados por dor, doen\u00e7a ou les\u00e3o e do tratamento por medidas fisioter\u00e1picas, em lugar de cl\u00ednicas cir\u00fargicas ou radiol\u00f3gicas.<\/p>\n<\/p><\/div>[\/vc_column_inner][vc_column_inner width=&#8221;1\/3&#8243;]<div class=\"iconbox  wpb_content_element iconbox-style-1 icon-color-accent color-dark animation-none\"><h3><i class=\"fa fa-plus-square boxicon\" style=\"\"><\/i><span>Ecocardiografia<\/span><\/h3><p>\n<p style=\"text-align: justify;\">A\u00a0ecocardiografia\u00a0ou\u00a0ecocardiograma\u00a0com\u00a0Doppler abrange os m\u00e9todos de diagn\u00f3stico da estrutura e do funcionamento do cora\u00e7\u00e3o\u00a0baseados no uso de ultrasson. Este exame \u00e9 frequentemente empregado na avalia\u00e7\u00e3o dos pacientes com sopro card\u00edaco, sintomas de palpita\u00e7\u00e3o, s\u00edncope, falta de ar, dor tor\u00e1cica ou portadores de diversas doen\u00e7as card\u00edacas.<br \/>\n<a href=\"http:\/\/www.clinicapereira.com\/index.php\/ecocardiografia\/\" target=\"_self\" class=\"button color-9 small \" style=\"border-radius: 2px;\"><i class='fa fa-caret-right'><\/i>SAIBA MAIS<\/a>\n<\/p><\/div>[\/vc_column_inner][vc_column_inner width=&#8221;1\/3&#8243;][\/vc_column_inner][\/vc_row_inner][\/vc_column][\/vc_row][vc_row bg_color=&#8221;#f9f9f9&#8243; top_padding=&#8221;100&#8243; bottom_padding=&#8221;60&#8243;][vc_column width=&#8221;1\/1&#8243;]<h2 class=\"headline font-special fontsize-xl fontweight-700 lh-inherit align-center transform-uppercase \" style=\"margin: 0 0 40px 0;\">Nossos M\u00e9dicos<\/h2>[vc_row_inner][vc_column_inner width=&#8221;1\/3&#8243;]<div class=\"member wpb_content_element\"><div class=\"member-img\"><img decoding=\"async\" src=\"https:\/\/www.clinicapereira.com\/wp-content\/uploads\/2018\/08\/thales.png\" alt=\"\" \/><\/div><h4>Dr. Thales Machado Pereira<\/h4><div class=\"member-role\">CRM n\u00ba 98.267 - TEOT n\u00ba 8.873<\/div><div class=\"member-content\"><p>\n<p style=\"text-align: center;\">Ortopedia e Traumatologia<\/p>\n<\/p><\/div><ul class=\"social-icons clearfix\"><li class=\"social-icon social-email\"><a href=\"mailto:faleconosco@clinicapereira.com\" title=\"Mail\"><i class=\"fa fa-send-o\"><\/i><\/a><\/li><\/ul><\/div>[\/vc_column_inner][vc_column_inner width=&#8221;1\/3&#8243;]<div class=\"member wpb_content_element\"><div class=\"member-img\"><img decoding=\"async\" src=\"https:\/\/www.clinicapereira.com\/wp-content\/uploads\/2018\/08\/thales.png\" alt=\"\" \/><\/div><h4>Dr. XXXX<\/h4><div class=\"member-role\">CRM n\u00ba<\/div><div class=\"member-content\"><p>\n<p style=\"text-align: center;\">XXXX<\/p>\n<\/p><\/div><ul class=\"social-icons clearfix\"><li class=\"social-icon social-email\"><a href=\"mailto:faleconosco@clinicapereira.com\" title=\"Mail\"><i class=\"fa fa-send-o\"><\/i><\/a><\/li><\/ul><\/div>[\/vc_column_inner][vc_column_inner width=&#8221;1\/3&#8243;]<div class=\"member wpb_content_element\"><div class=\"member-img\"><img decoding=\"async\" src=\"https:\/\/www.clinicapereira.com\/wp-content\/uploads\/2018\/08\/thales.png\" alt=\"\" \/><\/div><h4>Dr. XXXX<\/h4><div class=\"member-role\">CRM n\u00ba<\/div><div class=\"member-content\"><p>\n<p style=\"text-align: center;\">XXXXX<\/p>\n<\/p><\/div><ul class=\"social-icons clearfix\"><li class=\"social-icon social-email\"><a href=\"mailto:faleconosco@clinicapereira.com\" title=\"Mail\"><i class=\"fa fa-send-o\"><\/i><\/a><\/li><\/ul><\/div>[\/vc_column_inner][\/vc_row_inner][\/vc_column][\/vc_row][vc_row top_padding=&#8221;100&#8243; bottom_padding=&#8221;60&#8243;][vc_column width=&#8221;1\/3&#8243;][vc_column_text]<\/p>\n<h6>Nossa Miss\u00e3o<\/h6>\n<p style=\"text-align: justify;\">Proporcionar um atendimento de excel\u00eancia, visando a melhor solu\u00e7\u00e3o para o problema do paciente.<\/p>\n<p>[\/vc_column_text][\/vc_column][vc_column width=&#8221;1\/3&#8243;][vc_column_text]<\/p>\n<h6>Nossa Vis\u00e3o<\/h6>\n<p style=\"text-align: justify;\">Estarmos sempre atualizados com diversas t\u00e9cnicas m\u00e9dicas e tecnologia de ponta para proporcionando o melhor resultado no atendimento.<\/p>\n<p>[\/vc_column_text][\/vc_column][vc_column width=&#8221;1\/3&#8243;][vc_column_text]<\/p>\n<h6>Nossos Valores<\/h6>\n<p style=\"text-align: justify;\">\u00c9tica profissional, sinceridade e respeito ao paciente.<\/p>\n<p>[\/vc_column_text][\/vc_column][\/vc_row][vc_row bg_color=&#8221;#f9f9f9&#8243; top_padding=&#8221;20&#8243; bottom_padding=&#8221;20&#8243;][vc_column width=&#8221;1\/1&#8243;]<div class=\"iconbox  wpb_content_element iconbox-style-1 icon-color-accent color-dark animation-none\"><h3><i class=\"fa fa-th-list boxicon\" style=\"\"><\/i><span>CONTATO<\/span><\/h3><p><\/p><\/div>[vc_row_inner][vc_column_inner width=&#8221;1\/2&#8243;]<div class=\"iconbox  wpb_content_element iconbox-style-2 icon-color-custom color-dark clearfix\"><div class=\"iconbox-icon\"><i class=\"fa fa-phone boxicon\" style=\"color: #777777;\"><\/i><\/div><div class=\"iconbox-content\"><h3><\/h3><p>(11) 4526-7366 \/ (11) 9 7222-0854<\/p><\/div><\/div>[\/vc_column_inner][vc_column_inner width=&#8221;1\/2&#8243;]<div class=\"iconbox  wpb_content_element iconbox-style-2 icon-color-custom color-dark clearfix\"><div class=\"iconbox-icon\"><i class=\"fa fa-map-marker boxicon\" style=\"color: #777777;\"><\/i><\/div><div class=\"iconbox-content\"><h3><\/h3><p>Av. Nove de Julho, 3575, Anhangaba\u00fa, Jundia\u00ed, S\u00e3o Paulo, Sala 1901 \/\u00a0CEP: 13208-056<\/p><\/div><\/div>[\/vc_column_inner][\/vc_row_inner][\/vc_column][\/vc_row]<\/p>\n","protected":false},"excerpt":{"rendered":"<p>[vc_row bg_color=&#8221;#f9f9f9&#8243; top_padding=&#8221;30&#8243; bottom_padding=&#8221;80&#8243;][vc_column width=&#8221;1\/1&#8243;][\/vc_column][\/vc_row][vc_row top_padding=&#8221;100&#8243; bottom_padding=&#8221;80&#8243; bg_position=&#8221;left top&#8221;][vc_column width=&#8221;1\/1&#8243;][vc_row_inner][vc_column_inner width=&#8221;1\/3&#8243;][\/vc_column_inner][vc_column_inner width=&#8221;1\/3&#8243;][\/vc_column_inner][vc_column_inner width=&#8221;1\/3&#8243;][\/vc_column_inner][\/vc_row_inner][vc_row_inner][vc_column_inner width=&#8221;1\/3&#8243;][\/vc_column_inner][vc_column_inner width=&#8221;1\/3&#8243;][\/vc_column_inner][vc_column_inner width=&#8221;1\/3&#8243;][\/vc_column_inner][\/vc_row_inner][\/vc_column][\/vc_row][vc_row bg_color=&#8221;#f9f9f9&#8243; top_padding=&#8221;100&#8243; bottom_padding=&#8221;60&#8243;][vc_column width=&#8221;1\/1&#8243;][vc_row_inner][vc_column_inner width=&#8221;1\/3&#8243;][\/vc_column_inner][vc_column_inner width=&#8221;1\/3&#8243;][\/vc_column_inner][vc_column_inner width=&#8221;1\/3&#8243;][\/vc_column_inner][\/vc_row_inner][\/vc_column][\/vc_row][vc_row top_padding=&#8221;100&#8243; bottom_padding=&#8221;60&#8243;][vc_column width=&#8221;1\/3&#8243;][vc_column_text] Nossa Miss\u00e3o Proporcionar um atendimento de excel\u00eancia, visando a melhor solu\u00e7\u00e3o para o problema do paciente. [\/vc_column_text][\/vc_column][vc_column width=&#8221;1\/3&#8243;][vc_column_text] Nossa Vis\u00e3o Estarmos sempre atualizados com diversas t\u00e9cnicas m\u00e9dicas e tecnologia de ponta para proporcionando o melhor resultado no atendimento. [\/vc_column_text][\/vc_column][vc_column width=&#8221;1\/3&#8243;][vc_column_text] Nossos Valores \u00c9tica profissional, sinceridade e respeito ao paciente. [\/vc_column_text][\/vc_column][\/vc_row][vc_row bg_color=&#8221;#f9f9f9&#8243; top_padding=&#8221;20&#8243; bottom_padding=&#8221;20&#8243;][vc_column width=&#8221;1\/1&#8243;][vc_row_inner][vc_column_inner width=&#8221;1\/2&#8243;][\/vc_column_inner][vc_column_inner width=&#8221;1\/2&#8243;][\/vc_column_inner][\/vc_row_inner][\/vc_column][\/vc_row]<\/p>\n","protected":false},"author":1,"featured_media":0,"parent":0,"menu_order":0,"comment_status":"open","ping_status":"open","template":"","meta":{"_joinchat":[],"footnotes":""},"_links":{"self":[{"href":"https:\/\/www.clinicapereira.com\/index.php\/wp-json\/wp\/v2\/pages\/5752"}],"collection":[{"href":"https:\/\/www.clinicapereira.com\/index.php\/wp-json\/wp\/v2\/pages"}],"about":[{"href":"https:\/\/www.clinicapereira.com\/index.php\/wp-json\/wp\/v2\/types\/page"}],"author":[{"embeddable":true,"href":"https:\/\/www.clinicapereira.com\/index.php\/wp-json\/wp\/v2\/users\/1"}],"replies":[{"embeddable":true,"href":"https:\/\/www.clinicapereira.com\/index.php\/wp-json\/wp\/v2\/comments?post=5752"}],"version-history":[{"count":65,"href":"https:\/\/www.clinicapereira.com\/index.php\/wp-json\/wp\/v2\/pages\/5752\/revisions"}],"predecessor-version":[{"id":15574,"href":"https:\/\/www.clinicapereira.com\/index.php\/wp-json\/wp\/v2\/pages\/5752\/revisions\/15574"}],"wp:attachment":[{"href":"https:\/\/www.clinicapereira.com\/index.php\/wp-json\/wp\/v2\/media?parent=5752"}],"curies":[{"name":"wp","href":"https:\/\/api.w.org\/{rel}","templated":true}]}}